{"id":203,"date":"2020-04-24T11:42:11","date_gmt":"2020-04-24T11:42:11","guid":{"rendered":"https:\/\/dalfa.org\/en\/?page_id=203"},"modified":"2020-05-04T12:06:45","modified_gmt":"2020-05-04T12:06:45","slug":"covid-19-in-rwanda-economic-impacts-and-proposed-immediate-and-post-coronavirus-actions","status":"publish","type":"page","link":"https:\/\/dalfa.org\/en\/covid-19-in-rwanda-economic-impacts-and-proposed-immediate-and-post-coronavirus-actions\/","title":{"rendered":"COVID-19 in Rwanda &#8211; Economic impacts and proposed immediate and post- coronavirus actions"},"content":{"rendered":"<p><a href=\"https:\/\/dalfa.org\/en\/wp-content\/uploads\/2020\/05\/Covid-19-in-Rwanda.pdf\" target=\"_blank\" rel=\"noopener noreferrer\">In this report<\/a>, Victoire Ingabire the chairperson of Dalfa-Umurinzi, explains potential adverse impacts that coronavirus will have on Rwanda\u2019s economy. She discusses immediate actions implemented by the government of Rwanda to respond to COVID-19 and suggests how these can be improved.<\/p>\n<p>Victoire proposes post-pandemic actions that the government must implement to reanimate Rwanda\u2019s economy and lessons that Rwanda authorities should learn from COVID-19 crisis.<\/p>\n\n\n<div class=\"wp-block-file\"><a href=\"https:\/\/dalfa.org\/en\/wp-content\/uploads\/2020\/05\/Covid-19-in-Rwanda.pdf\"> <strong>Click here to download the report<\/strong>:<\/a><a href=\"https:\/\/dalfa.org\/en\/wp-content\/uploads\/2020\/05\/Covid-19-in-Rwanda.pdf\" class=\"wp-block-file__button\" download>Download<\/a><\/div>\n\n\n\n<div class=\"wp-block-file\"><a href=\"https:\/\/dalfa.org\/en\/wp-content\/uploads\/2020\/05\/Covid-19-au-Rwanda.pdf\"> <strong>Cliquez ici pour t\u00e9l\u00e9charger la version fran\u00e7aise<\/strong>:<\/a><a href=\"https:\/\/dalfa.org\/en\/wp-content\/uploads\/2020\/05\/Covid-19-au-Rwanda.pdf\" class=\"wp-block-file__button\" download>T\u00e9l\u00e9charger<\/a><\/div>\n\n\n\n<figure class=\"wp-block-image size-large\"><a href=\"https:\/\/dalfa.org\/en\/wp-content\/uploads\/2020\/05\/Covid-19-in-Rwanda.pdf\"><img fetchpriority=\"high\" decoding=\"async\" width=\"814\" height=\"540\" src=\"https:\/\/dalfa.org\/en\/wp-content\/uploads\/2020\/04\/Covid-in-Rwanda.png\" alt=\"Covid-19 in Rwanda\" class=\"wp-image-209\" srcset=\"https:\/\/dalfa.org\/en\/wp-content\/uploads\/2020\/04\/Covid-in-Rwanda.png 814w, https:\/\/dalfa.org\/en\/wp-content\/uploads\/2020\/04\/Covid-in-Rwanda-300x199.png 300w, https:\/\/dalfa.org\/en\/wp-content\/uploads\/2020\/04\/Covid-in-Rwanda-768x509.png 768w\" sizes=\"(max-width: 814px) 100vw, 814px\" \/><\/a><\/figure>\n","protected":false},"excerpt":{"rendered":"<p>In this report, Victoire Ingabire the chairperson of Dalfa-Umurinzi, explains potential adverse impacts that coronavirus will have on Rwanda\u2019s economy. She discusses immediate actions implemented by the government of Rwanda to respond to COVID-19 and [&hellip;]<\/p>\n","protected":false},"author":1,"featured_media":209,"parent":0,"menu_order":0,"comment_status":"closed","ping_status":"closed","template":"","meta":{"om_disable_all_campaigns":false,"footnotes":""},"class_list":["post-203","page","type-page","status-publish","has-post-thumbnail","hentry"],"_links":{"self":[{"href":"https:\/\/dalfa.org\/en\/wp-json\/wp\/v2\/pages\/203","targetHints":{"allow":["GET"]}}],"collection":[{"href":"https:\/\/dalfa.org\/en\/wp-json\/wp\/v2\/pages"}],"about":[{"href":"https:\/\/dalfa.org\/en\/wp-json\/wp\/v2\/types\/page"}],"author":[{"embeddable":true,"href":"https:\/\/dalfa.org\/en\/wp-json\/wp\/v2\/users\/1"}],"replies":[{"embeddable":true,"href":"https:\/\/dalfa.org\/en\/wp-json\/wp\/v2\/comments?post=203"}],"version-history":[{"count":4,"href":"https:\/\/dalfa.org\/en\/wp-json\/wp\/v2\/pages\/203\/revisions"}],"predecessor-version":[{"id":228,"href":"https:\/\/dalfa.org\/en\/wp-json\/wp\/v2\/pages\/203\/revisions\/228"}],"wp:featuredmedia":[{"embeddable":true,"href":"https:\/\/dalfa.org\/en\/wp-json\/wp\/v2\/media\/209"}],"wp:attachment":[{"href":"https:\/\/dalfa.org\/en\/wp-json\/wp\/v2\/media?parent=203"}],"curies":[{"name":"wp","href":"https:\/\/api.w.org\/{rel}","templated":true}]}}